{"id":744,"date":"2015-03-16T23:51:30","date_gmt":"2015-03-16T23:51:30","guid":{"rendered":"http:\/\/masclientes.com\/?page_id=744"},"modified":"2015-04-30T17:28:33","modified_gmt":"2015-04-30T17:28:33","slug":"terminos","status":"publish","type":"page","link":"https:\/\/masclientes.com\/es\/terminos\/","title":{"rendered":"Terminos y Condiciones de Servicio"},"content":{"rendered":"[vc_row][vc_column][vc_column_text]\n<h2><\/h2>\n[\/vc_column_text][\/vc_column][\/vc_row][vc_row][vc_column width=\u00bb1\/1&#8243;][vc_column_text]\n<h2>1. Aceptaci\u00f3n de los T\u00e9rminos<\/h2>\n<p>Al utilizar cualquiera de los servicios y\/o Contenido suministrados por o a trav\u00e9s de ElClasificado.com y nuestros sitios afiliados como quinceanera.com, susociodenegocios.com y hogarmidulcehogar.com, usted acepta y acuerda estar legalmente obligado y cumplir con los siguientes t\u00e9rminos y condiciones de Servicio (colectivamente denominados \u201cTDS\u201d). Los TDS pueden ser modificados por ElClasificado.com en cualquier momento sin notificaci\u00f3n previa. Si usted no est\u00e1 de acuerdo con los TDS, por favor no utilice el Contenido o los Servicios. ElClasificado.com se reserva el derecho, a su sola discreci\u00f3n, de actualizar o revisar las Pol\u00edticas de Uso. Por favor, revise las Pol\u00edticas de Uso regularmente.<\/p>\n<h2 id=\"tarifas-pagos\">2.\u00a0Tarifas y pagos<\/h2>\n<h3>2.1 Tarifas.<\/h3>\n<p>Al comprar una suscripci\u00f3n, usted est\u00e1 de acuerdo con los t\u00e9rminos de las tarifas y\u00a0los pagos que se describen en el presente documento y\/o durante el proceso de registro en\u00a0l\u00ednea. Cualquier tarifa del producto es exclusivo de su venta u otros impuestos (distintos de los impuestos sobre la renta de EC Directory).<\/p>\n<h3>2.2 Provisi\u00f3n de la informaci\u00f3n de su tarjeta de cr\u00e9dito. Condiciones de pago.<\/h3>\n<p>Se le pedir\u00e1 que\u00a0proporcione a EC Directory un n\u00famero de tarjeta de cr\u00e9dito v\u00e1lido al registrarse para una\u00a0suscripci\u00f3n. Por este medio, usted confirma y garantiza que tiene la autoridad para\u00a0proporcionar dicha informaci\u00f3n de esta tarjeta de cr\u00e9dito a EC Directory y que es responsable\u00a0de todos los cargos realizados a la misma.<\/p>\n<p>EC Directory facturar\u00e1 los cargos a su tarjeta de cr\u00e9dito antes de cada Per\u00edodo de Facturaci\u00f3n\u00a0(como se define m\u00e1s adelante) por los gastos incurridos por el per\u00edodo de facturaci\u00f3n, as\u00ed como\u00a0de los saldos pendientes. Su \u00abPer\u00edodo de Facturaci\u00f3n\u00bb ser\u00e1 especificado por EC Directory en el\u00a0momento de la inscripci\u00f3n, aunque EC Directory se reserva el derecho de cambiar el t\u00e9rmino de\u00a0los futuros per\u00edodos de facturaci\u00f3n en cualquier momento. Adem\u00e1s, usted es responsable de\u00a0pagar todos los gastos de honorarios de abogados en los que incurra EC Directory en relaci\u00f3n\u00a0con la recolecci\u00f3n de pagos tard\u00edos.<\/p>\n<h3>2.3 RENOVACI\u00d3N AUTOM\u00c1TICA. EC DIRECTORY\u00a0AUTOM\u00c1TICAMENTE RENOVAR\u00c1 CADA UNO DE SUS PRODUCTOS Y SUSCRIPCIONES Y LOS CARGAR\u00c1 A SU TARJETA DE CR\u00c9DITO AL INICIO DE CADA PERIODO DE RENOVACI\u00d3N DE SU SUSCRIPCI\u00d3N, SIEMPRE Y CUANDO SU SUSCRIPCI\u00d3N NO HAYA SIDO CANCELADA.<\/h3>\n<p>El cargo autom\u00e1tico a su tarjeta de cr\u00e9dito se\u00a0realiza al comienzo de cada renovaci\u00f3n de su suscripci\u00f3n. Usted reconoce que el monto\u00a0facturado cada a\u00f1o puede variar por razones tales como: tarifas promocionales que ya no\u00a0aplican, cambios en la suscripci\u00f3n (por ejemplo, cambios en el n\u00famero de locaciones bajo su\u00a0suscripci\u00f3n), cambios en la cantidad del impuesto de venta aplicable o por otras razones; y\u00a0usted nos autoriza los cargos a su tarjeta de cr\u00e9dito para tales cantidades variables. EC\u00a0Directory, tambi\u00e9n puede pre-autorizar peri\u00f3dicamente su tarjeta de cr\u00e9dito en previsi\u00f3n de\u00a0cargos a la cuenta o cargos relacionados.<\/p>\n<h3>2.4 Al aceptar estos t\u00e9rminos usted se compromete a respetar la duraci\u00f3n del contrato<\/h3>\n<h2>3. Las Obligaciones del Usuario<\/h2>\n<p>Como usuario del Servicio, usted se compromete a: (a) proveer informaci\u00f3n cierta, corriente y completa sobre usted cuando \u00e9sta sea requerida durante el registro del usuario (b) mantener e informar sobre cambios de informaci\u00f3n para mantener la data de registro cierta, corriente y completa. Si usted proveyera informaci\u00f3n que fuera falsa, incorrecta, incompleta o desactualizada o ElClasificado.com tuviera razones para considerar que la informaci\u00f3n fuera falsa, incorrecta, incompleta o desactualizada, ElClasificado.com tiene el derecho de suspender o terminar sus privilegios de usuario.<\/p>\n<h2>4. Pol\u00edtica de Privacidad de ElClasificado.com<\/h2>\n<p>La informaci\u00f3n solicitada durante el Registro y otra informaci\u00f3n personal suya est\u00e1 sujeta a la pol\u00edtica de Privacidad de ElClasificado.com. Para m\u00e1s informaci\u00f3n, por favor, dir\u00edjase a la secci\u00f3n de Pol\u00edtica de Privacidad donde se explica por completo.<\/p>\n<h2>5. Cuenta del Usuario, Contrase\u00f1a y Seguridad<\/h2>\n<p>Al terminar el proceso de Registro en ElClasificado.com, usted escoger\u00e1 un nombre de usuario y una contrase\u00f1a. Usted es responsable de mantener esta informaci\u00f3n confidencial y tambi\u00e9n es responsable de toda actividad que ocurra bajo su nombre y contrase\u00f1a. Usted se compromete a notificar a ElClasificado.com de cualquier uso no autorizado de su nombre y contrase\u00f1a o cualquier violaci\u00f3n de seguridad. ElClasificado.com no se har\u00e1 responsable por da\u00f1os o perjuicios causados por incumplimiento de esta secci\u00f3n 5.<\/p>\n<h2>6. Conducta del Usuario<\/h2>\n<p>Usted entiende que toda la informaci\u00f3n data, texto, programaci\u00f3n, m\u00fasica, sonido, fotograf\u00edas, video, mensajes y otros materiales considerados como Contenido, que hayan sido publicados son responsabilidad de la persona que public\u00f3 y origin\u00f3 dicho material. Esto significa, que usted y no ElClasificado.com, es completamente responsable por todo el contenido que usted recoja, publique, env\u00ede por correo electr\u00f3nico o de alguna forma transmita por el Servicio. ElClasificado.com no tiene control del Contenido publicado en el Servicio, y por lo tanto no garantiza la certeza, integridad o calidad del Contenido. Usted entiende que al utilizar el Servicio, usted puede estar expuesto a Contenido ofensivo, indecente u objetable. Bajo ninguna circunstancia, ElClasificado.com ser\u00e1 responsable por Contenido, incluyendo pero no limitado a, errores de omisi\u00f3n, o p\u00e9rdidas o da\u00f1os de cualquier tipo incurridos como resultado de Contenido publicado o transmitido por el Servicio. Si usted considera que cualquier Contenido o informaci\u00f3n en el Servicio es incorrecta, enga\u00f1osa o perjudicial, por favor notif\u00edquenos. Usted se compromete a no utilizar el Servicio para:<\/p>\n<ul class=\"terms-list\">\n<li class=\"term-item\">recoger, publicar, enviar por correo electr\u00f3nico o de alguna manera transmitir ning\u00fan contenido que se pudiera considerar ilegal, da\u00f1ino, amenazante, abusivo, hostigador, difamatorio, vulgar, obsceno, libelo, o que invada la privacidad, que contenga comentarios agresivos a alguna raza, cultura o religi\u00f3n<\/li>\n<li class=\"term-item\">coleccionar, almacenar, divulgar, transmitir, o solicitar informaci\u00f3n personal a ni\u00f1os menores de 13 a\u00f1os<\/li>\n<li class=\"term-item\">hacerse pasar por cualquier persona o identidad, incluyendo, pero no limitado a oficiales de ElClasificado.com, l\u00edderes de foro, gu\u00edas, o de cualquier manera representar falsamente a alguna afiliaci\u00f3n con una persona o entidad<\/li>\n<li class=\"term-item\">falsificar encabezados o de alguna manera manipular los anuncios e identificaciones para enga\u00f1ar el origen del contenido transmitido por el Servicio<\/li>\n<li class=\"term-item\">recoger, publicar, enviar por correo electr\u00f3nico o de alguna manera transmitir ning\u00fan contenido al que usted no tiene derecho por ley, contractual o por relaciones fiduciarias (como lo es informaci\u00f3n interna, informaci\u00f3n propietaria o confidencial obtenida bajo acuerdo o relaciones de empleo)<\/li>\n<li class=\"term-item\">recoger, publicar, enviar por correo electr\u00f3nico o de alguna manera transmitir ning\u00fan contenido que infringe cualquier patente, marca, secreto de compa\u00f1\u00eda, derecho de autor o cualquier otro derecho de propiedad intelectual<\/li>\n<li class=\"term-item\">recoger, publicar, enviar por correo electr\u00f3nico o de alguna manera transmitir ning\u00fan anuncio no solicitado o no autorizado como materiales promocionales, junk mail, spam (el enviar correo electr\u00f3nico no solicitado en masa y gen\u00e9rico), cartas en cadena (Chain setter), esquemas de pir\u00e1mide (pyramid schemes), o cualquier forma de solicitaci\u00f3n no autorizada<\/li>\n<li class=\"term-item\">recoger, publicar, enviar por correo electr\u00f3nico o de alguna manera transmitir ning\u00fan material que contenga virus electr\u00f3nicos o cualquier otro tipo de c\u00f3digo de computadora, archivo o programa dise\u00f1ado para interrumpir, destruir o limitar el funcionamiento normal de cualquier programa de computadoras o equipo de computadoras o equipo de telecomunicaciones<\/li>\n<li class=\"term-item\">interferir con o interrumpir el Servicio o los servidores o redes networks conectados al Servicio, desobedecer los requisitos, procedimientos, pol\u00edticas o regulaciones de las redes conectadas al Servicio<\/li>\n<li class=\"term-item\">intencionalmente o sin intenci\u00f3n violar cualquier ley local, estatal, nacional o internacional<\/li>\n<li class=\"term-item\">hostigar, perseguir, molestar, acosar otros individuos<\/li>\n<li class=\"term-item\">recolectar o almacenar informaci\u00f3n personal de otros usuarios Usted reconoce que ElClasificado.com puede o no revisar el contenido de los anuncios antes de ser publicados, pero ElClasificado.com y sus funcionarios tienen todo el derecho (pero no la obligaci\u00f3n) en su criterio de remover o rechazar o remover cualquier contenido que est\u00e9 disponible en el Servicio. Sin limitar lo anterior ElClasificado.com y sus funcionarios tienen el derecho de remover cualquier contenido que viole el TDS o que sea objetable. Usted est\u00e1 de acuerdo que usted evaluar\u00e1 y se responsabilizar\u00e1 de todos los riesgos asociados con el uso del Contenido, incluyendo la veracidad, la utilidad y certeza de la informaci\u00f3n en el Contenido. Usted reconoce y est\u00e1 de acuerdo en que ElClasificado.com puede preservar Contenido o puede revelar Contenido si se le requiere por ley o de buena fe o cuando el revelar la informaci\u00f3n sea razonablemente necesario para (a) cumplir con procedimientos legales (b) hacer cumplir el TDS (c) responder a reclamos de que cualquier Contenido viola los derechos de algunos terceros o (d) para proteger derechos, propiedad, o seguridad personal de ElClasificado.com, sus usuarios o el p\u00fablico. Usted reconoce que el procesamiento t\u00e9cnico y la transmisi\u00f3n del servicio pudiera requerir (a) transmitir en varios servidores (b) cambios para conformar y adaptar a los requisitos t\u00e9cnicos de las redes y sus instrumentos t\u00e9cnicos.<\/li>\n<\/ul>\n<h2>7. Amonestaciones Especiales para uso Internacional<\/h2>\n<p>Reconociendo la naturaleza global, usted est\u00e1 de acuerdo en cumplir con las leyes locales con relaci\u00f3n a la conducta en el Internet y Contenido aceptable. Espec\u00edficamente, usted est\u00e1 de acuerdo en cumplir con las leyes aplicables con relaci\u00f3n a la transmisi\u00f3n de data t\u00e9cnica exportada de los Estados Unidos o el pa\u00eds en el que usted reside.<\/p>\n<h2>8. Indemnizaci\u00f3n<\/h2>\n<p>Usted accede en mantener ElClasificado.com, sus subsidiarias, afiliadas, oficiales, agentes, y otros socios y empleados, inmunes de cualquier reclamo o demanda, incluyendo los gastos de abogados, hecho por un tercero causado por o saliendo del Contenido que usted somete, publica o transmite en el Servicio, su uso del Servicio, su conexi\u00f3n al Servicio, su violaci\u00f3n del TDS, o su violaci\u00f3n de los derechos de otra persona.<\/p>\n<h2>9. No Re-Venta del Servicio<\/h2>\n<p>Usted accede a no reproducir, duplicar, copiar, vender, revender, o explotar para prop\u00f3sitos comerciales cualquier porci\u00f3n del Servicio, uso del Servicio, o acceso al Servicio.<\/p>\n<h2>10. Terminaci\u00f3n<\/h2>\n<p>Usted accede a que ElClasificado.com, a su discreci\u00f3n, pudiera terminar su contrase\u00f1a, o nombre de usuario o uso del Servicio, y remover o descartar cualquier Contenido dentro del Servicio, por cualquier raz\u00f3n, incluyendo pero no limitado a, falta de uso o si ElClasificado.com considera que usted ha violado los TDS o de alguna manera violado el esp\u00edritu del TDS. Esta terminaci\u00f3n se puede llevar a cabo sin previo aviso, y conocimiento y que ElClasificado.com puede inmediatamente desactivar o borrar su cuenta y toda la informaci\u00f3n relacionada con sus archivos o su cuenta y \/ o puede impedir cualquier acceso futuro a estos archivos. Usted accede a que ElClasificado.com no es responsable a usted o a un tercero por la terminaci\u00f3n de este Servicio.<\/p>\n<h2>11. Relaci\u00f3n con los Anunciantes<\/h2>\n<p>La comunicaci\u00f3n o tr\u00e1mites de negocios que tenga con, o participaci\u00f3n en promociones, de los anunciantes encontrado en o por el Servicio, incluyendo pagos o entrega de bienes o servicios, y, cualquier otros t\u00e9rminos, condiciones o garant\u00edas o representaciones asociadas con estos tr\u00e1mites, son responsabilidad suya con el anunciante. Usted est\u00e1 de acuerdo en que ElClasificado.com no es responsable de cualquier da\u00f1o o perjuicio de ninguna manera asociado con el resultado de cualquiera de estas transacciones.<\/p>\n<h2>12. Conexiones (Links)<\/h2>\n<p>El Servicio puede proveer, conexiones a otros sitios (sites) del Internet. Como ElClasificado.com no tiene control sobre estos sitios o recursos, usted reconoce y accede que ElClasificado.com no es responsable por la disponibilidad de estos recursos externos, y que no endorsa y no es responsable por cualquier Contenido, promoci\u00f3n o productos en estos sitios. Usted tambi\u00e9n reconoce y accede que ElClasificado.com no ser\u00e1 responsable, directa o indirectamente, por cualquier da\u00f1o o perjuicio causado o alegadamente causado por o en conexi\u00f3n con el uso o confiabilidad del Contenido, bienes o servicios disponibles en o por medio de estas conexiones o recursos.<\/p>\n<h2>13. ElClasificado.com y Los Derechos de Propiedad<\/h2>\n<p>Usted reconoce y accede que el Servicio y cualquier programaci\u00f3n necesaria para el funcionamiento normal del Servicio (Software) tiene derechos propietarios y confidenciales que est\u00e1n protegidos por las leyes de propiedad intelectual y otras leyes. Usted tambi\u00e9n reconoce y accede que el contenido de anunciantes y auspiciadores o informaci\u00f3n presentada a usted por medio del Servicio o sus anuncios est\u00e1 protegida por derechos de autor (copyright), leyes de marca (trademarks) marcas de servicio, patentes o cualquier otro derecho y ley que protegen la propiedad intelectual. Excepto que fuera expresado expl\u00edcitamente por ElClasificado.com o sus anunciantes, usted accede a no modificar, alquilar, arrendar, prestar, vender, distribuir o crear trabajos derivativos basados en el Servicio o la programaci\u00f3n en su todo o en sus partes.<\/p>\n<h2>14. Aviso<\/h2>\n<p>Los avisos y notificaciones se le pueden enviar por correo electr\u00f3nico o por correo normal. El Servicio puede proveer notificaciones y avisos como cambios a los TDS. El Servicio tambi\u00e9n le puede notificar cambios al TDS por medio de conexiones o links por medio del Servicio.<\/p>\n<h2>15. Informaci\u00f3n del Registro de Marca<\/h2>\n<p>ElClasificado.com es una marca registrada. Usted accede a no utilizar la marca registrada de ElClasificado.com sin el consentimiento de ElClasificado.com.<\/p>\n<h2>16. Informaci\u00f3n General<\/h2>\n<p>El TDS constituye un acuerdo entre usted y ElClasificado.com y gobierna el uso del Servicio, sobreponi\u00e9ndose a acuerdos anteriores entre usted y ElClasificado.com. Usted pudiera estar sujeto a otros t\u00e9rminos y condiciones cuando utiliza otros servicios en la red de Internet.[\/vc_column_text][\/vc_column][\/vc_row][vc_row][vc_column width=\u00bb1\/1&#8243;][\/vc_column][\/vc_row]\n","protected":false},"excerpt":{"rendered":"<p>[vc_row][vc_column][vc_column_text] [\/vc_column_text][\/vc_column][\/vc_row][vc_row][vc_column width=\u00bb1\/1&#8243;][vc_column_text] 1. Aceptaci\u00f3n de los T\u00e9rminos Al utilizar cualquiera de los servicios y\/o Contenido suministrados por o a trav\u00e9s de ElClasificado.com y nuestros sitios afiliados como quinceanera.com, susociodenegocios.com&#8230;<\/p>\n","protected":false},"author":3,"featured_media":0,"parent":0,"menu_order":0,"comment_status":"closed","ping_status":"closed","template":"","meta":{"footnotes":""},"class_list":["post-744","page","type-page","status-publish"],"yoast_head":"<!-- This site is optimized with the Yoast SEO plugin v26.3 - https:\/\/yoast.com\/wordpress\/plugins\/seo\/ -->\n<title>Terminos y Condiciones de Servicio - MasClientes<\/title>\n<meta name=\"description\" content=\"1. Aceptaci\u00f3n de los T\u00e9rminos Al utilizar cualquiera de los servicios y\/o Contenido suministrados por o a trav\u00e9s de ElClasificado.com y nuestros sitios\" \/>\n<meta name=\"robots\" content=\"index, follow, max-snippet:-1, max-image-preview:large, max-video-preview:-1\" \/>\n<link rel=\"canonical\" href=\"https:\/\/masclientes.com\/es\/terminos\/\" \/>\n<meta property=\"og:locale\" content=\"es_ES\" \/>\n<meta property=\"og:type\" content=\"article\" \/>\n<meta property=\"og:title\" content=\"Terminos y Condiciones de Servicio - MasClientes\" \/>\n<meta property=\"og:description\" content=\"1. Aceptaci\u00f3n de los T\u00e9rminos Al utilizar cualquiera de los servicios y\/o Contenido suministrados por o a trav\u00e9s de ElClasificado.com y nuestros sitios\" \/>\n<meta property=\"og:url\" content=\"https:\/\/masclientes.com\/es\/terminos\/\" \/>\n<meta property=\"og:site_name\" content=\"MasClientes\" \/>\n<meta property=\"article:modified_time\" content=\"2015-04-30T17:28:33+00:00\" \/>\n<meta name=\"twitter:card\" content=\"summary_large_image\" \/>\n<meta name=\"twitter:label1\" content=\"Tiempo de lectura\" \/>\n\t<meta name=\"twitter:data1\" content=\"12 minutos\" \/>\n<script type=\"application\/ld+json\" class=\"yoast-schema-graph\">{\"@context\":\"https:\/\/schema.org\",\"@graph\":[{\"@type\":\"WebPage\",\"@id\":\"https:\/\/masclientes.com\/es\/terminos\/\",\"url\":\"https:\/\/masclientes.com\/es\/terminos\/\",\"name\":\"Terminos y Condiciones de Servicio - MasClientes\",\"isPartOf\":{\"@id\":\"https:\/\/masclientes.com\/#website\"},\"datePublished\":\"2015-03-16T23:51:30+00:00\",\"dateModified\":\"2015-04-30T17:28:33+00:00\",\"description\":\"1. Aceptaci\u00f3n de los T\u00e9rminos Al utilizar cualquiera de los servicios y\/o Contenido suministrados por o a trav\u00e9s de ElClasificado.com y nuestros sitios\",\"breadcrumb\":{\"@id\":\"https:\/\/masclientes.com\/es\/terminos\/#breadcrumb\"},\"inLanguage\":\"es\",\"potentialAction\":[{\"@type\":\"ReadAction\",\"target\":[\"https:\/\/masclientes.com\/es\/terminos\/\"]}]},{\"@type\":\"BreadcrumbList\",\"@id\":\"https:\/\/masclientes.com\/es\/terminos\/#breadcrumb\",\"itemListElement\":[{\"@type\":\"ListItem\",\"position\":1,\"name\":\"Home\",\"item\":\"https:\/\/masclientes.com\/es\/\"},{\"@type\":\"ListItem\",\"position\":2,\"name\":\"Terminos y Condiciones de Servicio\"}]},{\"@type\":\"WebSite\",\"@id\":\"https:\/\/masclientes.com\/#website\",\"url\":\"https:\/\/masclientes.com\/\",\"name\":\"MasClientes\",\"description\":\"Expande tu negocio online\",\"potentialAction\":[{\"@type\":\"SearchAction\",\"target\":{\"@type\":\"EntryPoint\",\"urlTemplate\":\"https:\/\/masclientes.com\/?s={search_term_string}\"},\"query-input\":{\"@type\":\"PropertyValueSpecification\",\"valueRequired\":true,\"valueName\":\"search_term_string\"}}],\"inLanguage\":\"es\"}]}<\/script>\n<!-- \/ Yoast SEO plugin. -->","yoast_head_json":{"title":"Terminos y Condiciones de Servicio - MasClientes","description":"1. Aceptaci\u00f3n de los T\u00e9rminos Al utilizar cualquiera de los servicios y\/o Contenido suministrados por o a trav\u00e9s de ElClasificado.com y nuestros sitios","robots":{"index":"index","follow":"follow","max-snippet":"max-snippet:-1","max-image-preview":"max-image-preview:large","max-video-preview":"max-video-preview:-1"},"canonical":"https:\/\/masclientes.com\/es\/terminos\/","og_locale":"es_ES","og_type":"article","og_title":"Terminos y Condiciones de Servicio - MasClientes","og_description":"1. Aceptaci\u00f3n de los T\u00e9rminos Al utilizar cualquiera de los servicios y\/o Contenido suministrados por o a trav\u00e9s de ElClasificado.com y nuestros sitios","og_url":"https:\/\/masclientes.com\/es\/terminos\/","og_site_name":"MasClientes","article_modified_time":"2015-04-30T17:28:33+00:00","twitter_card":"summary_large_image","twitter_misc":{"Tiempo de lectura":"12 minutos"},"schema":{"@context":"https:\/\/schema.org","@graph":[{"@type":"WebPage","@id":"https:\/\/masclientes.com\/es\/terminos\/","url":"https:\/\/masclientes.com\/es\/terminos\/","name":"Terminos y Condiciones de Servicio - MasClientes","isPartOf":{"@id":"https:\/\/masclientes.com\/#website"},"datePublished":"2015-03-16T23:51:30+00:00","dateModified":"2015-04-30T17:28:33+00:00","description":"1. Aceptaci\u00f3n de los T\u00e9rminos Al utilizar cualquiera de los servicios y\/o Contenido suministrados por o a trav\u00e9s de ElClasificado.com y nuestros sitios","breadcrumb":{"@id":"https:\/\/masclientes.com\/es\/terminos\/#breadcrumb"},"inLanguage":"es","potentialAction":[{"@type":"ReadAction","target":["https:\/\/masclientes.com\/es\/terminos\/"]}]},{"@type":"BreadcrumbList","@id":"https:\/\/masclientes.com\/es\/terminos\/#breadcrumb","itemListElement":[{"@type":"ListItem","position":1,"name":"Home","item":"https:\/\/masclientes.com\/es\/"},{"@type":"ListItem","position":2,"name":"Terminos y Condiciones de Servicio"}]},{"@type":"WebSite","@id":"https:\/\/masclientes.com\/#website","url":"https:\/\/masclientes.com\/","name":"MasClientes","description":"Expande tu negocio online","potentialAction":[{"@type":"SearchAction","target":{"@type":"EntryPoint","urlTemplate":"https:\/\/masclientes.com\/?s={search_term_string}"},"query-input":{"@type":"PropertyValueSpecification","valueRequired":true,"valueName":"search_term_string"}}],"inLanguage":"es"}]}},"_links":{"self":[{"href":"https:\/\/masclientes.com\/es\/wp-json\/wp\/v2\/pages\/744","targetHints":{"allow":["GET"]}}],"collection":[{"href":"https:\/\/masclientes.com\/es\/wp-json\/wp\/v2\/pages"}],"about":[{"href":"https:\/\/masclientes.com\/es\/wp-json\/wp\/v2\/types\/page"}],"author":[{"embeddable":true,"href":"https:\/\/masclientes.com\/es\/wp-json\/wp\/v2\/users\/3"}],"replies":[{"embeddable":true,"href":"https:\/\/masclientes.com\/es\/wp-json\/wp\/v2\/comments?post=744"}],"version-history":[{"count":0,"href":"https:\/\/masclientes.com\/es\/wp-json\/wp\/v2\/pages\/744\/revisions"}],"wp:attachment":[{"href":"https:\/\/masclientes.com\/es\/wp-json\/wp\/v2\/media?parent=744"}],"curies":[{"name":"wp","href":"https:\/\/api.w.org\/{rel}","templated":true}]}}