{"id":1774,"date":"2018-12-14T11:56:19","date_gmt":"2018-12-14T19:56:19","guid":{"rendered":"https:\/\/masclientes.com\/blog\/"},"modified":"2026-04-14T13:03:51","modified_gmt":"2026-04-14T20:03:51","slug":"blog","status":"publish","type":"page","link":"https:\/\/masclientes.com\/es\/blog\/","title":{"rendered":"Blog"},"content":{"rendered":"[vc_row type=\u00bbin_container\u00bb full_screen_row_position=\u00bbmiddle\u00bb column_margin=\u00bbdefault\u00bb column_direction=\u00bbdefault\u00bb column_direction_tablet=\u00bbdefault\u00bb column_direction_phone=\u00bbdefault\u00bb scene_position=\u00bbcenter\u00bb text_color=\u00bbdark\u00bb text_align=\u00bbleft\u00bb row_border_radius=\u00bbnone\u00bb row_border_radius_applies=\u00bbbg\u00bb overlay_strength=\u00bb0.3&#8243; gradient_direction=\u00bbleft_to_right\u00bb shape_divider_position=\u00bbbottom\u00bb bg_image_animation=\u00bbnone\u00bb][vc_column column_padding=\u00bbno-extra-padding\u00bb column_padding_tablet=\u00bbinherit\u00bb column_padding_phone=\u00bbinherit\u00bb column_padding_position=\u00bball\u00bb column_element_spacing=\u00bbdefault\u00bb background_color_opacity=\u00bb1&#8243; background_hover_color_opacity=\u00bb1&#8243; column_shadow=\u00bbnone\u00bb column_border_radius=\u00bbnone\u00bb column_link_target=\u00bb_self\u00bb gradient_direction=\u00bbleft_to_right\u00bb overlay_strength=\u00bb0.3&#8243; width=\u00bb1\/1&#8243; tablet_width_inherit=\u00bbdefault\u00bb tablet_text_alignment=\u00bbdefault\u00bb phone_text_alignment=\u00bbdefault\u00bb bg_image_animation=\u00bbnone\u00bb border_type=\u00bbsimple\u00bb column_border_width=\u00bbnone\u00bb column_border_style=\u00bbsolid\u00bb][vc_column_text]\n<h2 data-start=\"879\" data-end=\"900\">Gu\u00edas y art\u00edculos para hacer crecer tu negocio<\/h2>\n[\/vc_column_text][vc_column_text]Recursos pr\u00e1cticos de marketing digital pensados para peque\u00f1os y medianos negocios. Aprende qu\u00e9 funciona hoy, por qu\u00e9 funciona y c\u00f3mo aplicarlo paso a paso.[\/vc_column_text][divider line_type=\u00bbSmall Line\u00bb line_alignment=\u00bbdefault\u00bb line_thickness=\u00bb1&#8243; divider_color=\u00bbdefault\u00bb][\/vc_column][vc_column column_padding=\u00bbno-extra-padding\u00bb column_padding_tablet=\u00bbinherit\u00bb column_padding_phone=\u00bbinherit\u00bb column_padding_position=\u00bball\u00bb column_element_spacing=\u00bbdefault\u00bb background_color_opacity=\u00bb1&#8243; background_hover_color_opacity=\u00bb1&#8243; column_shadow=\u00bbnone\u00bb column_border_radius=\u00bbnone\u00bb column_link_target=\u00bb_self\u00bb gradient_direction=\u00bbleft_to_right\u00bb overlay_strength=\u00bb0.3&#8243; width=\u00bb1\/1&#8243; tablet_width_inherit=\u00bbdefault\u00bb tablet_text_alignment=\u00bbdefault\u00bb phone_text_alignment=\u00bbdefault\u00bb bg_image_animation=\u00bbnone\u00bb border_type=\u00bbsimple\u00bb column_border_width=\u00bbnone\u00bb column_border_style=\u00bbsolid\u00bb]<div class=\"iwithtext\"><div class=\"iwt-icon\">  <\/div><div class=\"iwt-text\"> \n<h2 data-start=\"1110\" data-end=\"1138\"><a href=\"https:\/\/masclientes.com\/es\/como-crear-una-estrategia-de-marketing-que-si-funcione-para-tu-negocio\/\">Estrategia &amp; Crecimiento<\/a><\/h2>\n<p data-start=\"1140\" data-end=\"1339\"><a href=\"https:\/\/masclientes.com\/es\/como-crear-una-estrategia-de-marketing-que-si-funcione-para-tu-negocio\/\">Aprende c\u00f3mo construir una estrategia de marketing clara que conecte visibilidad, clientes y crecimiento real. Ideal para entender c\u00f3mo todas las piezas del marketing trabajan juntas.<\/a><\/p>\n<p data-start=\"1140\" data-end=\"1339\"><a href=\"https:\/\/masclientes.com\/es\/como-crear-una-estrategia-de-marketing-que-si-funcione-para-tu-negocio\/\"><img loading=\"lazy\" decoding=\"async\" class=\"alignnone wp-image-3346 size-thumbnail\" src=\"https:\/\/masclientes.com\/wp-content\/uploads\/2025\/12\/hero-ready-pillar-page-150x150.webp\" alt=\"\" width=\"150\" height=\"150\" srcset=\"https:\/\/masclientes.com\/wp-content\/uploads\/2025\/12\/hero-ready-pillar-page-150x150.webp 150w, https:\/\/masclientes.com\/wp-content\/uploads\/2025\/12\/hero-ready-pillar-page-100x100.webp 100w, https:\/\/masclientes.com\/wp-content\/uploads\/2025\/12\/hero-ready-pillar-page-140x140.webp 140w, https:\/\/masclientes.com\/wp-content\/uploads\/2025\/12\/hero-ready-pillar-page-500x500.webp 500w, https:\/\/masclientes.com\/wp-content\/uploads\/2025\/12\/hero-ready-pillar-page-350x350.webp 350w, https:\/\/masclientes.com\/wp-content\/uploads\/2025\/12\/hero-ready-pillar-page-1000x1000.webp 1000w, https:\/\/masclientes.com\/wp-content\/uploads\/2025\/12\/hero-ready-pillar-page-800x800.webp 800w\" sizes=\"auto, (max-width: 150px) 100vw, 150px\" \/><\/a><\/p>\n <\/div><div class=\"clear\"><\/div><\/div><div class=\"iwithtext\"><div class=\"iwt-icon\">  <\/div><div class=\"iwt-text\"> \n<h2 data-start=\"1110\" data-end=\"1138\"><a href=\"https:\/\/masclientes.com\/es\/visibilidad\/\">Visibilidad<\/a><\/h2>\n<p>C\u00f3mo hacer que tu negocio aparezca cuando tus clientes te est\u00e1n buscando<\/p>\n<p>&nbsp;<\/p>\n<p data-start=\"1140\" data-end=\"1339\"><a href=\"https:\/\/masclientes.com\/es\/visibilidad\/\" rel=\"https:\/\/masclientes.com\/es\/visibilidad\/\"><img loading=\"lazy\" decoding=\"async\" class=\"alignnone wp-image-3421 size-thumbnail\" src=\"https:\/\/masclientes.com\/wp-content\/uploads\/2026\/02\/final02ChatGPT-Image-Feb-26-2026-03_53_55-PM-150x150.webp\" alt=\"\" width=\"150\" height=\"150\" srcset=\"https:\/\/masclientes.com\/wp-content\/uploads\/2026\/02\/final02ChatGPT-Image-Feb-26-2026-03_53_55-PM-150x150.webp 150w, https:\/\/masclientes.com\/wp-content\/uploads\/2026\/02\/final02ChatGPT-Image-Feb-26-2026-03_53_55-PM-100x100.webp 100w, https:\/\/masclientes.com\/wp-content\/uploads\/2026\/02\/final02ChatGPT-Image-Feb-26-2026-03_53_55-PM-140x140.webp 140w, https:\/\/masclientes.com\/wp-content\/uploads\/2026\/02\/final02ChatGPT-Image-Feb-26-2026-03_53_55-PM-500x500.webp 500w, https:\/\/masclientes.com\/wp-content\/uploads\/2026\/02\/final02ChatGPT-Image-Feb-26-2026-03_53_55-PM-350x350.webp 350w, https:\/\/masclientes.com\/wp-content\/uploads\/2026\/02\/final02ChatGPT-Image-Feb-26-2026-03_53_55-PM-1000x1000.webp 1000w, https:\/\/masclientes.com\/wp-content\/uploads\/2026\/02\/final02ChatGPT-Image-Feb-26-2026-03_53_55-PM-800x800.webp 800w\" sizes=\"auto, (max-width: 150px) 100vw, 150px\" \/><\/a><\/p>\n <\/div><div class=\"clear\"><\/div><\/div>[divider line_type=\u00bbFull Width Line\u00bb line_thickness=\u00bb1&#8243; divider_color=\u00bbdefault\u00bb][\/vc_column][\/vc_row][vc_row type=\u00bbin_container\u00bb full_screen_row_position=\u00bbmiddle\u00bb column_margin=\u00bbdefault\u00bb equal_height=\u00bbyes\u00bb column_direction=\u00bbdefault\u00bb column_direction_tablet=\u00bbdefault\u00bb column_direction_phone=\u00bbdefault\u00bb scene_position=\u00bbcenter\u00bb top_padding=\u00bb0%\u00bb bottom_padding=\u00bb2%\u00bb text_color=\u00bbdark\u00bb text_align=\u00bbleft\u00bb row_border_radius=\u00bbnone\u00bb row_border_radius_applies=\u00bbbg\u00bb overlay_strength=\u00bb0.3&#8243; gradient_direction=\u00bbleft_to_right\u00bb shape_divider_position=\u00bbbottom\u00bb bg_image_animation=\u00bbnone\u00bb shape_type=\u00bb\u00bb][vc_column column_padding=\u00bbno-extra-padding\u00bb column_padding_tablet=\u00bbinherit\u00bb column_padding_phone=\u00bbinherit\u00bb column_padding_position=\u00bball\u00bb column_element_spacing=\u00bbdefault\u00bb background_color_opacity=\u00bb1&#8243; background_hover_color_opacity=\u00bb1&#8243; column_shadow=\u00bbnone\u00bb column_border_radius=\u00bbnone\u00bb column_link_target=\u00bb_self\u00bb gradient_direction=\u00bbleft_to_right\u00bb overlay_strength=\u00bb0.3&#8243; width=\u00bb1\/1&#8243; tablet_width_inherit=\u00bbdefault\u00bb tablet_text_alignment=\u00bbdefault\u00bb phone_text_alignment=\u00bbdefault\u00bb bg_image_animation=\u00bbnone\u00bb border_type=\u00bbsimple\u00bb column_border_width=\u00bbnone\u00bb column_border_style=\u00bbsolid\u00bb][vc_column_text]\n<h2 data-start=\"879\" data-end=\"900\">Gu\u00edas recomendadas<\/h2>\n[\/vc_column_text][vc_column_text]Estas gu\u00edas explican los conceptos base del marketing digital. Son el mejor punto de partida si quieres dejar de improvisar y empezar a crecer con estrategia.[\/vc_column_text][divider line_type=\u00bbSmall Line\u00bb line_alignment=\u00bbdefault\u00bb line_thickness=\u00bb1&#8243; divider_color=\u00bbdefault\u00bb][nectar_blog layout=\u00bbstd-blog-sidebar\u00bb blog_standard_style=\u00bbclassic\u00bb load_in_animation=\u00bbnone\u00bb category=\u00bball\u00bb enable_pagination=\u00bbtrue\u00bb pagination_type=\u00bbdefault\u00bb order=\u00bbDESC\u00bb orderby=\u00bbdate\u00bb posts_per_page=\u00bb4&#8243;][\/vc_column][\/vc_row][vc_row type=\u00bbfull_width_background\u00bb full_screen_row_position=\u00bbmiddle\u00bb column_margin=\u00bbdefault\u00bb column_direction=\u00bbdefault\u00bb column_direction_tablet=\u00bbdefault\u00bb column_direction_phone=\u00bbdefault\u00bb bg_image=\u00bb1301&#8243; bg_position=\u00bbcenter bottom\u00bb background_image_loading=\u00bbdefault\u00bb bg_repeat=\u00bbno-repeat\u00bb scene_position=\u00bbcenter\u00bb top_padding=\u00bb5%\u00bb bottom_padding=\u00bb9%\u00bb text_color=\u00bblight\u00bb text_align=\u00bbcenter\u00bb row_border_radius=\u00bbnone\u00bb row_border_radius_applies=\u00bbbg\u00bb overlay_strength=\u00bb0.3&#8243; gradient_direction=\u00bbleft_to_right\u00bb shape_divider_position=\u00bbbottom\u00bb bg_image_animation=\u00bbnone\u00bb shape_type=\u00bb\u00bb][vc_column column_padding=\u00bbno-extra-padding\u00bb column_padding_tablet=\u00bbinherit\u00bb column_padding_phone=\u00bbinherit\u00bb column_padding_position=\u00bball\u00bb column_element_spacing=\u00bbdefault\u00bb background_color_opacity=\u00bb1&#8243; background_hover_color_opacity=\u00bb1&#8243; column_shadow=\u00bbnone\u00bb column_border_radius=\u00bbnone\u00bb column_link_target=\u00bb_self\u00bb gradient_direction=\u00bbleft_to_right\u00bb overlay_strength=\u00bb0.3&#8243; width=\u00bb1\/6&#8243; tablet_width_inherit=\u00bbdefault\u00bb tablet_text_alignment=\u00bbdefault\u00bb phone_text_alignment=\u00bbdefault\u00bb bg_image_animation=\u00bbnone\u00bb border_type=\u00bbsimple\u00bb column_border_width=\u00bbnone\u00bb column_border_style=\u00bbsolid\u00bb][\/vc_column][vc_column column_padding=\u00bbno-extra-padding\u00bb column_padding_tablet=\u00bbinherit\u00bb column_padding_phone=\u00bbinherit\u00bb column_padding_position=\u00bball\u00bb column_element_spacing=\u00bbdefault\u00bb background_color_opacity=\u00bb1&#8243; background_hover_color_opacity=\u00bb1&#8243; column_shadow=\u00bbnone\u00bb column_border_radius=\u00bbnone\u00bb column_link_target=\u00bb_self\u00bb gradient_direction=\u00bbleft_to_right\u00bb overlay_strength=\u00bb0.3&#8243; width=\u00bb2\/3&#8243; tablet_width_inherit=\u00bbdefault\u00bb tablet_text_alignment=\u00bbdefault\u00bb phone_text_alignment=\u00bbdefault\u00bb bg_image_animation=\u00bbnone\u00bb border_type=\u00bbsimple\u00bb column_border_width=\u00bbnone\u00bb column_border_style=\u00bbsolid\u00bb][vc_column_text]\n<h2>Empezar<\/h2>\n[\/vc_column_text][vc_column_text]\u00bfNo est\u00e1 seguro de qu\u00e9 servicios necesita?[\/vc_column_text][nectar_btn size=\u00bblarge\u00bb button_style=\u00bbsee-through-2&#8243; color_override=\u00bb#ffffff\u00bb hover_color_override=\u00bb#ffffff\u00bb hover_text_color_override=\u00bb#000000&#8243; icon_family=\u00bbfontawesome\u00bb text=\u00bbLl\u00e1menos\u00bb url=\u00bbtel:+12132778574&#8243; icon_fontawesome=\u00bbfa fa-phone\u00bb margin_bottom=\u00bb20&#8243;][\/vc_column][vc_column column_padding=\u00bbno-extra-padding\u00bb column_padding_tablet=\u00bbinherit\u00bb column_padding_phone=\u00bbinherit\u00bb column_padding_position=\u00bball\u00bb column_element_spacing=\u00bbdefault\u00bb background_color_opacity=\u00bb1&#8243; background_hover_color_opacity=\u00bb1&#8243; column_shadow=\u00bbnone\u00bb column_border_radius=\u00bbnone\u00bb column_link_target=\u00bb_self\u00bb gradient_direction=\u00bbleft_to_right\u00bb overlay_strength=\u00bb0.3&#8243; width=\u00bb1\/6&#8243; tablet_width_inherit=\u00bbdefault\u00bb tablet_text_alignment=\u00bbdefault\u00bb phone_text_alignment=\u00bbdefault\u00bb bg_image_animation=\u00bbnone\u00bb border_type=\u00bbsimple\u00bb column_border_width=\u00bbnone\u00bb column_border_style=\u00bbsolid\u00bb][\/vc_column][\/vc_row]\n","protected":false},"excerpt":{"rendered":"<p>[vc_row type=\u00bbin_container\u00bb full_screen_row_position=\u00bbmiddle\u00bb column_margin=\u00bbdefault\u00bb column_direction=\u00bbdefault\u00bb column_direction_tablet=\u00bbdefault\u00bb column_direction_phone=\u00bbdefault\u00bb scene_position=\u00bbcenter\u00bb text_color=\u00bbdark\u00bb text_align=\u00bbleft\u00bb row_border_radius=\u00bbnone\u00bb row_border_radius_applies=\u00bbbg\u00bb overlay_strength=\u00bb0.3&#8243; gradient_direction=\u00bbleft_to_right\u00bb shape_divider_position=\u00bbbottom\u00bb bg_image_animation=\u00bbnone\u00bb][vc_column column_padding=\u00bbno-extra-padding\u00bb column_padding_tablet=\u00bbinherit\u00bb column_padding_phone=\u00bbinherit\u00bb column_padding_position=\u00bball\u00bb column_element_spacing=\u00bbdefault\u00bb background_color_opacity=\u00bb1&#8243; background_hover_color_opacity=\u00bb1&#8243; column_shadow=\u00bbnone\u00bb column_border_radius=\u00bbnone\u00bb column_link_target=\u00bb_self\u00bb gradient_direction=\u00bbleft_to_right\u00bb overlay_strength=\u00bb0.3&#8243; width=\u00bb1\/1&#8243; tablet_width_inherit=\u00bbdefault\u00bb&#8230;<\/p>\n","protected":false},"author":15,"featured_media":0,"parent":0,"menu_order":0,"comment_status":"closed","ping_status":"closed","template":"","meta":{"footnotes":""},"class_list":["post-1774","page","type-page","status-publish"],"yoast_head":"<!-- This site is optimized with the Yoast SEO plugin v26.3 - https:\/\/yoast.com\/wordpress\/plugins\/seo\/ -->\n<title>Blog - MasClientes<\/title>\n<meta name=\"description\" content=\"Gu\u00edas y art\u00edculos para hacer crecer tu negocio Recursos pr\u00e1cticos de marketing digital pensados para peque\u00f1os y medianos negocios. Aprende qu\u00e9 funciona\" \/>\n<meta name=\"robots\" content=\"index, follow, max-snippet:-1, max-image-preview:large, max-video-preview:-1\" \/>\n<link rel=\"canonical\" href=\"https:\/\/masclientes.com\/es\/blog\/\" \/>\n<meta property=\"og:locale\" content=\"es_ES\" \/>\n<meta property=\"og:type\" content=\"article\" \/>\n<meta property=\"og:title\" content=\"Blog - MasClientes\" \/>\n<meta property=\"og:description\" content=\"Gu\u00edas y art\u00edculos para hacer crecer tu negocio Recursos pr\u00e1cticos de marketing digital pensados para peque\u00f1os y medianos negocios. Aprende qu\u00e9 funciona\" \/>\n<meta property=\"og:url\" content=\"https:\/\/masclientes.com\/es\/blog\/\" \/>\n<meta property=\"og:site_name\" content=\"MasClientes\" \/>\n<meta property=\"article:modified_time\" content=\"2026-04-14T20:03:51+00:00\" \/>\n<meta property=\"og:image\" content=\"https:\/\/masclientes.com\/wp-content\/uploads\/2025\/12\/hero-ready-pillar-page-scaled.webp\" \/>\n\t<meta property=\"og:image:width\" content=\"2560\" \/>\n\t<meta property=\"og:image:height\" content=\"1707\" \/>\n\t<meta property=\"og:image:type\" content=\"image\/webp\" \/>\n<meta name=\"twitter:card\" content=\"summary_large_image\" \/>\n<meta name=\"twitter:label1\" content=\"Tiempo de lectura\" \/>\n\t<meta name=\"twitter:data1\" content=\"3 minutos\" \/>\n<script type=\"application\/ld+json\" class=\"yoast-schema-graph\">{\"@context\":\"https:\/\/schema.org\",\"@graph\":[{\"@type\":\"WebPage\",\"@id\":\"https:\/\/masclientes.com\/es\/blog\/\",\"url\":\"https:\/\/masclientes.com\/es\/blog\/\",\"name\":\"Blog - MasClientes\",\"isPartOf\":{\"@id\":\"https:\/\/masclientes.com\/#website\"},\"primaryImageOfPage\":{\"@id\":\"https:\/\/masclientes.com\/es\/blog\/#primaryimage\"},\"image\":{\"@id\":\"https:\/\/masclientes.com\/es\/blog\/#primaryimage\"},\"thumbnailUrl\":\"https:\/\/masclientes.com\/wp-content\/uploads\/2025\/12\/hero-ready-pillar-page-150x150.webp\",\"datePublished\":\"2018-12-14T19:56:19+00:00\",\"dateModified\":\"2026-04-14T20:03:51+00:00\",\"description\":\"Gu\u00edas y art\u00edculos para hacer crecer tu negocio Recursos pr\u00e1cticos de marketing digital pensados para peque\u00f1os y medianos negocios. Aprende qu\u00e9 funciona\",\"breadcrumb\":{\"@id\":\"https:\/\/masclientes.com\/es\/blog\/#breadcrumb\"},\"inLanguage\":\"es\",\"potentialAction\":[{\"@type\":\"ReadAction\",\"target\":[\"https:\/\/masclientes.com\/es\/blog\/\"]}]},{\"@type\":\"ImageObject\",\"inLanguage\":\"es\",\"@id\":\"https:\/\/masclientes.com\/es\/blog\/#primaryimage\",\"url\":\"https:\/\/masclientes.com\/wp-content\/uploads\/2025\/12\/hero-ready-pillar-page-150x150.webp\",\"contentUrl\":\"https:\/\/masclientes.com\/wp-content\/uploads\/2025\/12\/hero-ready-pillar-page-150x150.webp\"},{\"@type\":\"BreadcrumbList\",\"@id\":\"https:\/\/masclientes.com\/es\/blog\/#breadcrumb\",\"itemListElement\":[{\"@type\":\"ListItem\",\"position\":1,\"name\":\"Home\",\"item\":\"https:\/\/masclientes.com\/es\/\"},{\"@type\":\"ListItem\",\"position\":2,\"name\":\"Blog\"}]},{\"@type\":\"WebSite\",\"@id\":\"https:\/\/masclientes.com\/#website\",\"url\":\"https:\/\/masclientes.com\/\",\"name\":\"MasClientes\",\"description\":\"Expande tu negocio online\",\"potentialAction\":[{\"@type\":\"SearchAction\",\"target\":{\"@type\":\"EntryPoint\",\"urlTemplate\":\"https:\/\/masclientes.com\/?s={search_term_string}\"},\"query-input\":{\"@type\":\"PropertyValueSpecification\",\"valueRequired\":true,\"valueName\":\"search_term_string\"}}],\"inLanguage\":\"es\"}]}<\/script>\n<!-- \/ Yoast SEO plugin. -->","yoast_head_json":{"title":"Blog - MasClientes","description":"Gu\u00edas y art\u00edculos para hacer crecer tu negocio Recursos pr\u00e1cticos de marketing digital pensados para peque\u00f1os y medianos negocios. Aprende qu\u00e9 funciona","robots":{"index":"index","follow":"follow","max-snippet":"max-snippet:-1","max-image-preview":"max-image-preview:large","max-video-preview":"max-video-preview:-1"},"canonical":"https:\/\/masclientes.com\/es\/blog\/","og_locale":"es_ES","og_type":"article","og_title":"Blog - MasClientes","og_description":"Gu\u00edas y art\u00edculos para hacer crecer tu negocio Recursos pr\u00e1cticos de marketing digital pensados para peque\u00f1os y medianos negocios. Aprende qu\u00e9 funciona","og_url":"https:\/\/masclientes.com\/es\/blog\/","og_site_name":"MasClientes","article_modified_time":"2026-04-14T20:03:51+00:00","og_image":[{"width":2560,"height":1707,"url":"https:\/\/masclientes.com\/wp-content\/uploads\/2025\/12\/hero-ready-pillar-page-scaled.webp","type":"image\/webp"}],"twitter_card":"summary_large_image","twitter_misc":{"Tiempo de lectura":"3 minutos"},"schema":{"@context":"https:\/\/schema.org","@graph":[{"@type":"WebPage","@id":"https:\/\/masclientes.com\/es\/blog\/","url":"https:\/\/masclientes.com\/es\/blog\/","name":"Blog - MasClientes","isPartOf":{"@id":"https:\/\/masclientes.com\/#website"},"primaryImageOfPage":{"@id":"https:\/\/masclientes.com\/es\/blog\/#primaryimage"},"image":{"@id":"https:\/\/masclientes.com\/es\/blog\/#primaryimage"},"thumbnailUrl":"https:\/\/masclientes.com\/wp-content\/uploads\/2025\/12\/hero-ready-pillar-page-150x150.webp","datePublished":"2018-12-14T19:56:19+00:00","dateModified":"2026-04-14T20:03:51+00:00","description":"Gu\u00edas y art\u00edculos para hacer crecer tu negocio Recursos pr\u00e1cticos de marketing digital pensados para peque\u00f1os y medianos negocios. Aprende qu\u00e9 funciona","breadcrumb":{"@id":"https:\/\/masclientes.com\/es\/blog\/#breadcrumb"},"inLanguage":"es","potentialAction":[{"@type":"ReadAction","target":["https:\/\/masclientes.com\/es\/blog\/"]}]},{"@type":"ImageObject","inLanguage":"es","@id":"https:\/\/masclientes.com\/es\/blog\/#primaryimage","url":"https:\/\/masclientes.com\/wp-content\/uploads\/2025\/12\/hero-ready-pillar-page-150x150.webp","contentUrl":"https:\/\/masclientes.com\/wp-content\/uploads\/2025\/12\/hero-ready-pillar-page-150x150.webp"},{"@type":"BreadcrumbList","@id":"https:\/\/masclientes.com\/es\/blog\/#breadcrumb","itemListElement":[{"@type":"ListItem","position":1,"name":"Home","item":"https:\/\/masclientes.com\/es\/"},{"@type":"ListItem","position":2,"name":"Blog"}]},{"@type":"WebSite","@id":"https:\/\/masclientes.com\/#website","url":"https:\/\/masclientes.com\/","name":"MasClientes","description":"Expande tu negocio online","potentialAction":[{"@type":"SearchAction","target":{"@type":"EntryPoint","urlTemplate":"https:\/\/masclientes.com\/?s={search_term_string}"},"query-input":{"@type":"PropertyValueSpecification","valueRequired":true,"valueName":"search_term_string"}}],"inLanguage":"es"}]}},"_links":{"self":[{"href":"https:\/\/masclientes.com\/es\/wp-json\/wp\/v2\/pages\/1774","targetHints":{"allow":["GET"]}}],"collection":[{"href":"https:\/\/masclientes.com\/es\/wp-json\/wp\/v2\/pages"}],"about":[{"href":"https:\/\/masclientes.com\/es\/wp-json\/wp\/v2\/types\/page"}],"author":[{"embeddable":true,"href":"https:\/\/masclientes.com\/es\/wp-json\/wp\/v2\/users\/15"}],"replies":[{"embeddable":true,"href":"https:\/\/masclientes.com\/es\/wp-json\/wp\/v2\/comments?post=1774"}],"version-history":[{"count":0,"href":"https:\/\/masclientes.com\/es\/wp-json\/wp\/v2\/pages\/1774\/revisions"}],"wp:attachment":[{"href":"https:\/\/masclientes.com\/es\/wp-json\/wp\/v2\/media?parent=1774"}],"curies":[{"name":"wp","href":"https:\/\/api.w.org\/{rel}","templated":true}]}}