{"id":1756,"date":"2019-10-10T16:15:30","date_gmt":"2019-10-10T23:15:30","guid":{"rendered":"https:\/\/masclientes.com\/directory-service\/"},"modified":"2020-06-10T22:55:42","modified_gmt":"2020-06-11T05:55:42","slug":"directory-service","status":"publish","type":"page","link":"https:\/\/masclientes.com\/es\/directory-service\/","title":{"rendered":"Servicio de Directorio"},"content":{"rendered":"[vc_row type=\u00bbin_container\u00bb full_screen_row_position=\u00bbmiddle\u00bb scene_position=\u00bbcenter\u00bb text_color=\u00bbdark\u00bb text_align=\u00bbleft\u00bb overlay_strength=\u00bb0.3&#8243; shape_divider_position=\u00bbbottom\u00bb bg_image_animation=\u00bbnone\u00bb][vc_column column_padding=\u00bbno-extra-padding\u00bb column_padding_position=\u00bball\u00bb background_color_opacity=\u00bb1&#8243; background_hover_color_opacity=\u00bb1&#8243; column_link_target=\u00bb_self\u00bb column_shadow=\u00bbnone\u00bb column_border_radius=\u00bbnone\u00bb width=\u00bb1\/1&#8243; tablet_width_inherit=\u00bbdefault\u00bb tablet_text_alignment=\u00bbdefault\u00bb phone_text_alignment=\u00bbdefault\u00bb column_border_width=\u00bbnone\u00bb column_border_style=\u00bbsolid\u00bb bg_image_animation=\u00bbnone\u00bb][vc_raw_html]JTNDZGl2JTIwY2xhc3MlM0QlMjJ1Yl9zdGF0dXNfY2hlY2tfd2lkZ2V0JTIyJTIwZGF0YS1zaG93dGFibGUlM0QlMjJ0cnVlJTIyJTIwZGF0YS1zaG93Z3JhcGglM0QlMjJ0cnVlJTIyJTIwZGF0YS1zaG93dG9waW5mbyUzRCUyMnRydWUlMjIlMjBkYXRhLXBkZmV4cG9ydCUzRCUyMnRydWUlMjIlMjBkYXRhLXNob3dkaXJlY3RvcnlncmlkJTNEJTIydHJ1ZSUyMiUyMGRhdGEtdXJsYmFzZSUzRCUyMmh0dHBzJTNBJTJGJTJGdWJlcmFsbC5jb20lMjIlMjBkYXRhLWN0YWJ1dHRvbnRleHQlM0QlMjJPcHRpbWlzZSUyMG5vdyUyMiUyMGRhdGEtY3RhdGV4dCUzRCUyMk9wdGltaXNlJTIweW91ciUyMGNvbXBhbnklMjdzJTIwb25saW5lJTIwcHJlc2VuY2UlMjIlMjBkYXRhLWN0YWxpbmslM0QlMjJodHRwcyUzQSUyRiUyRnViZXJhbGwuY29tJTJGZW4lMkZjaGVjayUyMiUyMGRhdGEtaGVhZGVydGV4dCUzRCUyMiVDMiVCRlN1JTIwZW1wcmVzYSUyMGZpZ3VyYSUyMGNvbiUyMHByZWNpc2klQzMlQjNuJTIwZW4lMjBlc3RvcyUyMGRpcmVjdG9yaW9zJTIwZW4lMjBsJUMzJUFEbmVhJTNGJTIyJTIwZGF0YS1jb3VudHJpZXMlM0QlMjJBRiUyQ0FYJTJDQUwlMkNEWiUyQ0FTJTJDQUQlMkNBTyUyQ0FJJTJDQVElMkNBRyUyQ0FSJTJDQU0lMkNBVyUyQ0FVJTJDQVQlMkNBWiUyQ0JTJTJDQkglMkNCRCUyQ0JCJTJDQlklMkNCRSUyQ0JaJTJDQkolMkNCTSUyQ0JUJTJDQk8lMkNCUSUyQ0JBJTJDQlclMkNCViUyQ0JSJTJDSU8lMkNCTiUyQ0JHJTJDQkYlMkNCSSUyQ0tIJTJDQ00lMkNDQSUyQ0NWJTJDS1klMkNDRiUyQ1REJTJDQ0wlMkNDTiUyQ0NYJTJDQ0MlMkNDTyUyQ0tNJTJDQ0clMkNDRCUyQ0NLJTJDQ1IlMkNDSSUyQ0hSJTJDQ1UlMkNDVyUyQ0NZJTJDQ1olMkNESyUyQ0RKJTJDRE0lMkNETyUyQ0VDJTJDRUclMkNTViUyQ0dRJTJDRVIlMkNFRSUyQ0VUJTJDRkslMkNGTyUyQ0ZKJTJDRkklMkNGUiUyQ0dGJTJDUEYlMkNURiUyQ0dBJTJDR00lMkNHRSUyQ0RFJTJDR0glMkNHSSUyQ0dSJTJDR0wlMkNHRCUyQ0dQJTJDR1UlMkNHVCUyQ0dHJTJDR04lMkNHVyUyQ0dZJTJDSFQlMkNITSUyQ1ZBJTJDSE4lMkNISyUyQ0hVJTJDSVMlMkNJTiUyQ0lEJTJDSVIlMkNJUSUyQ0lFJTJDSU0lMkNJTCUyQ0lUJTJDSk0lMkNKUCUyQ0pFJTJDSk8lMkNLWiUyQ0tFJTJDS0klMkNLUCUyQ0tSJTJDWEslMkNLVyUyQ0tHJTJDTEElMkNMViUyQ0xCJTJDTFMlMkNMUiUyQ0xZJTJDTEklMkNMVCUyQ0xVJTJDTU8lMkNNSyUyQ01HJTJDTVclMkNNWSUyQ01WJTJDTUwlMkNNVCUyQ01IJTJDTVElMkNNUiUyQ01VJTJDWVQlMkNNWCUyQ0ZNJTJDTUQlMkNNQyUyQ01OJTJDTUUlMkNNUyUyQ01BJTJDTVolMkNNTSUyQ05BJTJDTlIlMkNOUCUyQ05MJTJDTkMlMkNOWiUyQ05JJTJDTkUlMkNORyUyQ05VJTJDTkYlMkNNUCUyQ05PJTJDT00lMkNQSyUyQ1BXJTJDUFMlMkNQQSUyQ1BHJTJDUFklMkNQRSUyQ1BIJTJDUE4lMkNQTCUyQ1BUJTJDUFIlMkNRQSUyQ1JFJTJDUk8lMkNSVSUyQ1JXJTJDQkwlMkNTSCUyQ0tOJTJDTEMlMkNNRiUyQ1BNJTJDVkMlMkNXUyUyQ1NNJTJDU1QlMkNTQSUyQ1NOJTJDUlMlMkNTQyUyQ1NMJTJDU0clMkNTWCUyQ1NLJTJDU0klMkNTQiUyQ1NPJTJDWkElMkNHUyUyQ1NTJTJDRVMlMkNMSyUyQ1NEJTJDU1IlMkNTSiUyQ1NaJTJDU0UlMkNDSCUyQ1NZJTJDVFclMkNUSiUyQ1RaJTJDVEglMkNUTCUyQ1RHJTJDVEslMkNUTyUyQ1RUJTJDVE4lMkNUUiUyQ1RNJTJDVEMlMkNUViUyQ1VHJTJDVUElMkNBRSUyQ1VLJTJDVVMlMkNVTSUyQ1VZJTJDVVolMkNWVSUyQ1ZFJTJDVk4lMkNWRyUyQ1ZJJTJDV0YlMkNFSCUyQ1lFJTJDWk0lMkNaVyUyMiUyMGRhdGEtZGlyZWN0b3JpZXMlM0QlMjIlMjIlMjBkYXRhLWxhbmd1YWdlJTNEJTIyRVMlMjIlMjBkYXRhLWtleSUzRCUyMnZvaHJmY0RNSEI3aE9NaTBJdWxmd1dmUm0wc1ZvUlhwWkNKOHMxSlVNRnVldjFDdUk5Z3hHaXloVDhEMFVRUXUlMjIlMjBkYXRhLXJlY2VudHNlYXJjaGVzJTNEJTIyZmFsc2UlMjIlMjBkYXRhLWJnY29sb3IlM0QlMjIlMjMyNzQzNWMlMjIlMjBkYXRhLWJ1dHRvbmJnY29sb3IlM0QlMjIlMjMyNGEwZTclMjIlMjBkYXRhLWJ1dHRvbnRleHRjb2xvciUzRCUyMiUyM2ZmZmZmZiUyMiUyMGRhdGEtbGlua2NvbG9yJTNEJTIyJTIzMjM5ZmU2JTIyJTIwZGF0YS10ZXh0Y29sb3IlM0QlMjIlMjM1ODYwNjclMjIlMjBkYXRhLWNvbnRhY3RwaG9uZSUzRCUyMjg0NC0yOTItNDg4MSUyMiUyMGRhdGEtY29udGFjdGVtYWlsJTNEJTIyaW5mbyU0MG1hc2NsaWVudGVzLmNvbSUyMiUyMGRhdGEtc2hhcmVsaW5rJTNEJTIydHJ1ZSUyMiUzRSUzQyUyRmRpdiUzRQ==[\/vc_raw_html][vc_column_text]\n<h1 style=\"text-align: center;\">Servicio de directorios de EC<\/h1>\n[\/vc_column_text][divider line_type=\u00bbNo Line\u00bb][vc_column_text]\n<h3><i class=\"icon-tiny fa fa-check accent-color\"><\/i>Aparecer en b\u00fasquedas locales:<\/h3>\n<p>Al agregar su negocio a los diferentes directorios locales, los consumidores de su \u00e1rea lo encontrar\u00e1n f\u00e1cilmente.<\/p>\n<h3><i class=\"icon-tiny fa fa-check accent-color\"><\/i>Mejore su clasificaci\u00f3n en los motores de b\u00fasqueda:<\/h3>\n<p>Es bien sabido que la consistencia en NAP (name, address, and phone number) es importante para los motores de b\u00fasqueda como Google, Yahoo y Bing para mejorar el ranking de su sitio web en sus resultados. Proporcionamos esta consistencia en los 60 directorios principales de los Estados Unidos.<\/p>\n<h3><i class=\"icon-tiny fa fa-check accent-color\"><\/i>Construya su imagen de marca:<\/h3>\n<p>Le brindamos la oportunidad de crear una imagen de marca s\u00f3lida y confiable para su empresa.<\/p>\n<h3><i class=\"icon-tiny fa fa-check accent-color\"><\/i>Sea r\u00e1pido y flexible:<\/h3>\n<p>Todos los cambios se actualizan en menos de 24 horas.<\/p>\n<h3><i class=\"icon-tiny fa fa-check accent-color\"><\/i>Obtenga nuevos prospectos:<\/h3>\n<p>Aparecer en directorios como Yelp, CitySearch o YellowPages le dar\u00e1 la posibilidad de generar nuevos prospectos.<\/p>\n<h3><i class=\"icon-tiny fa fa-check accent-color\"><\/i>Mantenga informados a sus clientes:<\/h3>\n<p>Ya sea que cambie su n\u00famero de tel\u00e9fono o cargue nuevas fotos o videos, actualizaremos toda su informaci\u00f3n de forma gratuita.<\/p>\n<h3><i class=\"icon-tiny fa fa-check accent-color\"><\/i>Ahorre tiempo y dinero:<\/h3>\n<p>Agregar esta informaci\u00f3n por su cuenta le costar\u00e1 mucho tiempo y dinero, y no podr\u00e1 realizar cambios inmediatos en caso de que sea necesario.[\/vc_column_text][\/vc_column][\/vc_row]\n","protected":false},"excerpt":{"rendered":"<p>[vc_row type=\u00bbin_container\u00bb full_screen_row_position=\u00bbmiddle\u00bb scene_position=\u00bbcenter\u00bb text_color=\u00bbdark\u00bb text_align=\u00bbleft\u00bb overlay_strength=\u00bb0.3&#8243; shape_divider_position=\u00bbbottom\u00bb bg_image_animation=\u00bbnone\u00bb][vc_column column_padding=\u00bbno-extra-padding\u00bb column_padding_position=\u00bball\u00bb background_color_opacity=\u00bb1&#8243; background_hover_color_opacity=\u00bb1&#8243; column_link_target=\u00bb_self\u00bb column_shadow=\u00bbnone\u00bb column_border_radius=\u00bbnone\u00bb width=\u00bb1\/1&#8243; tablet_width_inherit=\u00bbdefault\u00bb tablet_text_alignment=\u00bbdefault\u00bb phone_text_alignment=\u00bbdefault\u00bb column_border_width=\u00bbnone\u00bb column_border_style=\u00bbsolid\u00bb bg_image_animation=\u00bbnone\u00bb][vc_raw_html]JTNDZGl2JTIwY2xhc3MlM0QlMjJ1Yl9zdGF0dXNfY2hlY2tfd2lkZ2V0JTIyJTIwZGF0YS1zaG93dGFibGUlM0QlMjJ0cnVlJTIyJTIwZGF0YS1zaG93Z3JhcGglM0QlMjJ0cnVlJTIyJTIwZGF0YS1zaG93dG9waW5mbyUzRCUyMnRydWUlMjIlMjBkYXRhLXBkZmV4cG9ydCUzRCUyMnRydWUlMjIlMjBkYXRhLXNob3dkaXJlY3RvcnlncmlkJTNEJTIydHJ1ZSUyMiUyMGRhdGEtdXJsYmFzZSUzRCUyMmh0dHBzJTNBJTJGJTJGdWJlcmFsbC5jb20lMjIlMjBkYXRhLWN0YWJ1dHRvbnRleHQlM0QlMjJPcHRpbWlzZSUyMG5vdyUyMiUyMGRhdGEtY3RhdGV4dCUzRCUyMk9wdGltaXNlJTIweW91ciUyMGNvbXBhbnklMjdzJTIwb25saW5lJTIwcHJlc2VuY2UlMjIlMjBkYXRhLWN0YWxpbmslM0QlMjJodHRwcyUzQSUyRiUyRnViZXJhbGwuY29tJTJGZW4lMkZjaGVjayUyMiUyMGRhdGEtaGVhZGVydGV4dCUzRCUyMiVDMiVCRlN1JTIwZW1wcmVzYSUyMGZpZ3VyYSUyMGNvbiUyMHByZWNpc2klQzMlQjNuJTIwZW4lMjBlc3RvcyUyMGRpcmVjdG9yaW9zJTIwZW4lMjBsJUMzJUFEbmVhJTNGJTIyJTIwZGF0YS1jb3VudHJpZXMlM0QlMjJBRiUyQ0FYJTJDQUwlMkNEWiUyQ0FTJTJDQUQlMkNBTyUyQ0FJJTJDQVElMkNBRyUyQ0FSJTJDQU0lMkNBVyUyQ0FVJTJDQVQlMkNBWiUyQ0JTJTJDQkglMkNCRCUyQ0JCJTJDQlklMkNCRSUyQ0JaJTJDQkolMkNCTSUyQ0JUJTJDQk8lMkNCUSUyQ0JBJTJDQlclMkNCViUyQ0JSJTJDSU8lMkNCTiUyQ0JHJTJDQkYlMkNCSSUyQ0tIJTJDQ00lMkNDQSUyQ0NWJTJDS1klMkNDRiUyQ1REJTJDQ0wlMkNDTiUyQ0NYJTJDQ0MlMkNDTyUyQ0tNJTJDQ0clMkNDRCUyQ0NLJTJDQ1IlMkNDSSUyQ0hSJTJDQ1UlMkNDVyUyQ0NZJTJDQ1olMkNESyUyQ0RKJTJDRE0lMkNETyUyQ0VDJTJDRUclMkNTViUyQ0dRJTJDRVIlMkNFRSUyQ0VUJTJDRkslMkNGTyUyQ0ZKJTJDRkklMkNGUiUyQ0dGJTJDUEYlMkNURiUyQ0dBJTJDR00lMkNHRSUyQ0RFJTJDR0glMkNHSSUyQ0dSJTJDR0wlMkNHRCUyQ0dQJTJDR1UlMkNHVCUyQ0dHJTJDR04lMkNHVyUyQ0dZJTJDSFQlMkNITSUyQ1ZBJTJDSE4lMkNISyUyQ0hVJTJDSVMlMkNJTiUyQ0lEJTJDSVIlMkNJUSUyQ0lFJTJDSU0lMkNJTCUyQ0lUJTJDSk0lMkNKUCUyQ0pFJTJDSk8lMkNLWiUyQ0tFJTJDS0klMkNLUCUyQ0tSJTJDWEslMkNLVyUyQ0tHJTJDTEElMkNMViUyQ0xCJTJDTFMlMkNMUiUyQ0xZJTJDTEklMkNMVCUyQ0xVJTJDTU8lMkNNSyUyQ01HJTJDTVclMkNNWSUyQ01WJTJDTUwlMkNNVCUyQ01IJTJDTVElMkNNUiUyQ01VJTJDWVQlMkNNWCUyQ0ZNJTJDTUQlMkNNQyUyQ01OJTJDTUUlMkNNUyUyQ01BJTJDTVolMkNNTSUyQ05BJTJDTlIlMkNOUCUyQ05MJTJDTkMlMkNOWiUyQ05JJTJDTkUlMkNORyUyQ05VJTJDTkYlMkNNUCUyQ05PJTJDT00lMkNQSyUyQ1BXJTJDUFMlMkNQQSUyQ1BHJTJDUFklMkNQRSUyQ1BIJTJDUE4lMkNQTCUyQ1BUJTJDUFIlMkNRQSUyQ1JFJTJDUk8lMkNSVSUyQ1JXJTJDQkwlMkNTSCUyQ0tOJTJDTEMlMkNNRiUyQ1BNJTJDVkMlMkNXUyUyQ1NNJTJDU1QlMkNTQSUyQ1NOJTJDUlMlMkNTQyUyQ1NMJTJDU0clMkNTWCUyQ1NLJTJDU0klMkNTQiUyQ1NPJTJDWkElMkNHUyUyQ1NTJTJDRVMlMkNMSyUyQ1NEJTJDU1IlMkNTSiUyQ1NaJTJDU0UlMkNDSCUyQ1NZJTJDVFclMkNUSiUyQ1RaJTJDVEglMkNUTCUyQ1RHJTJDVEslMkNUTyUyQ1RUJTJDVE4lMkNUUiUyQ1RNJTJDVEMlMkNUViUyQ1VHJTJDVUElMkNBRSUyQ1VLJTJDVVMlMkNVTSUyQ1VZJTJDVVolMkNWVSUyQ1ZFJTJDVk4lMkNWRyUyQ1ZJJTJDV0YlMkNFSCUyQ1lFJTJDWk0lMkNaVyUyMiUyMGRhdGEtZGlyZWN0b3JpZXMlM0QlMjIlMjIlMjBkYXRhLWxhbmd1YWdlJTNEJTIyRVMlMjIlMjBkYXRhLWtleSUzRCUyMnZvaHJmY0RNSEI3aE9NaTBJdWxmd1dmUm0wc1ZvUlhwWkNKOHMxSlVNRnVldjFDdUk5Z3hHaXloVDhEMFVRUXUlMjIlMjBkYXRhLXJlY2VudHNlYXJjaGVzJTNEJTIyZmFsc2UlMjIlMjBkYXRhLWJnY29sb3IlM0QlMjIlMjMyNzQzNWMlMjIlMjBkYXRhLWJ1dHRvbmJnY29sb3IlM0QlMjIlMjMyNGEwZTclMjIlMjBkYXRhLWJ1dHRvbnRleHRjb2xvciUzRCUyMiUyM2ZmZmZmZiUyMiUyMGRhdGEtbGlua2NvbG9yJTNEJTIyJTIzMjM5ZmU2JTIyJTIwZGF0YS10ZXh0Y29sb3IlM0QlMjIlMjM1ODYwNjclMjIlMjBkYXRhLWNvbnRhY3RwaG9uZSUzRCUyMjg0NC0yOTItNDg4MSUyMiUyMGRhdGEtY29udGFjdGVtYWlsJTNEJTIyaW5mbyU0MG1hc2NsaWVudGVzLmNvbSUyMiUyMGRhdGEtc2hhcmVsaW5rJTNEJTIydHJ1ZSUyMiUzRSUzQyUyRmRpdiUzRQ==[\/vc_raw_html][vc_column_text] Servicio de directorios de EC [\/vc_column_text][divider line_type=\u00bbNo&#8230;<\/p>\n","protected":false},"author":3,"featured_media":0,"parent":0,"menu_order":0,"comment_status":"closed","ping_status":"closed","template":"template-no-header-footer.php","meta":{"footnotes":""},"class_list":["post-1756","page","type-page","status-publish"],"yoast_head":"<!-- This site is optimized with the Yoast SEO plugin v26.3 - https:\/\/yoast.com\/wordpress\/plugins\/seo\/ -->\n<title>Servicio de Directorio - MasClientes<\/title>\n<meta name=\"description\" content=\"JTNDZGl2JTIwY2xhc3MlM0QlMjJ1Yl9zdGF0dXNfY2hlY2tfd2lkZ2V0JTIyJTIwZGF0YS1zaG93dGFibGUlM0QlMjJ0cnVlJTIyJTIwZGF0YS1zaG93Z3JhcGglM0QlMjJ0cnVlJTIyJTIwZGF0YS1zaG93\" \/>\n<meta name=\"robots\" content=\"index, follow, max-snippet:-1, max-image-preview:large, max-video-preview:-1\" \/>\n<link rel=\"canonical\" href=\"https:\/\/masclientes.com\/es\/directory-service\/\" \/>\n<meta property=\"og:locale\" content=\"es_ES\" \/>\n<meta property=\"og:type\" content=\"article\" \/>\n<meta property=\"og:title\" content=\"Servicio de Directorio - MasClientes\" \/>\n<meta property=\"og:description\" content=\"JTNDZGl2JTIwY2xhc3MlM0QlMjJ1Yl9zdGF0dXNfY2hlY2tfd2lkZ2V0JTIyJTIwZGF0YS1zaG93dGFibGUlM0QlMjJ0cnVlJTIyJTIwZGF0YS1zaG93Z3JhcGglM0QlMjJ0cnVlJTIyJTIwZGF0YS1zaG93\" \/>\n<meta property=\"og:url\" content=\"https:\/\/masclientes.com\/es\/directory-service\/\" \/>\n<meta property=\"og:site_name\" content=\"MasClientes\" \/>\n<meta property=\"article:modified_time\" content=\"2020-06-11T05:55:42+00:00\" \/>\n<meta name=\"twitter:card\" content=\"summary_large_image\" \/>\n<meta name=\"twitter:label1\" content=\"Tiempo de lectura\" \/>\n\t<meta name=\"twitter:data1\" content=\"3 minutos\" \/>\n<script type=\"application\/ld+json\" class=\"yoast-schema-graph\">{\"@context\":\"https:\/\/schema.org\",\"@graph\":[{\"@type\":\"WebPage\",\"@id\":\"https:\/\/masclientes.com\/es\/directory-service\/\",\"url\":\"https:\/\/masclientes.com\/es\/directory-service\/\",\"name\":\"Servicio de Directorio - MasClientes\",\"isPartOf\":{\"@id\":\"https:\/\/masclientes.com\/#website\"},\"datePublished\":\"2019-10-10T23:15:30+00:00\",\"dateModified\":\"2020-06-11T05:55:42+00:00\",\"description\":\"JTNDZGl2JTIwY2xhc3MlM0QlMjJ1Yl9zdGF0dXNfY2hlY2tfd2lkZ2V0JTIyJTIwZGF0YS1zaG93dGFibGUlM0QlMjJ0cnVlJTIyJTIwZGF0YS1zaG93Z3JhcGglM0QlMjJ0cnVlJTIyJTIwZGF0YS1zaG93\",\"breadcrumb\":{\"@id\":\"https:\/\/masclientes.com\/es\/directory-service\/#breadcrumb\"},\"inLanguage\":\"es\",\"potentialAction\":[{\"@type\":\"ReadAction\",\"target\":[\"https:\/\/masclientes.com\/es\/directory-service\/\"]}]},{\"@type\":\"BreadcrumbList\",\"@id\":\"https:\/\/masclientes.com\/es\/directory-service\/#breadcrumb\",\"itemListElement\":[{\"@type\":\"ListItem\",\"position\":1,\"name\":\"Home\",\"item\":\"https:\/\/masclientes.com\/es\/\"},{\"@type\":\"ListItem\",\"position\":2,\"name\":\"Servicio de Directorio\"}]},{\"@type\":\"WebSite\",\"@id\":\"https:\/\/masclientes.com\/#website\",\"url\":\"https:\/\/masclientes.com\/\",\"name\":\"MasClientes\",\"description\":\"Expande tu negocio online\",\"potentialAction\":[{\"@type\":\"SearchAction\",\"target\":{\"@type\":\"EntryPoint\",\"urlTemplate\":\"https:\/\/masclientes.com\/?s={search_term_string}\"},\"query-input\":{\"@type\":\"PropertyValueSpecification\",\"valueRequired\":true,\"valueName\":\"search_term_string\"}}],\"inLanguage\":\"es\"}]}<\/script>\n<!-- \/ Yoast SEO plugin. -->","yoast_head_json":{"title":"Servicio de Directorio - MasClientes","description":"JTNDZGl2JTIwY2xhc3MlM0QlMjJ1Yl9zdGF0dXNfY2hlY2tfd2lkZ2V0JTIyJTIwZGF0YS1zaG93dGFibGUlM0QlMjJ0cnVlJTIyJTIwZGF0YS1zaG93Z3JhcGglM0QlMjJ0cnVlJTIyJTIwZGF0YS1zaG93","robots":{"index":"index","follow":"follow","max-snippet":"max-snippet:-1","max-image-preview":"max-image-preview:large","max-video-preview":"max-video-preview:-1"},"canonical":"https:\/\/masclientes.com\/es\/directory-service\/","og_locale":"es_ES","og_type":"article","og_title":"Servicio de Directorio - MasClientes","og_description":"JTNDZGl2JTIwY2xhc3MlM0QlMjJ1Yl9zdGF0dXNfY2hlY2tfd2lkZ2V0JTIyJTIwZGF0YS1zaG93dGFibGUlM0QlMjJ0cnVlJTIyJTIwZGF0YS1zaG93Z3JhcGglM0QlMjJ0cnVlJTIyJTIwZGF0YS1zaG93","og_url":"https:\/\/masclientes.com\/es\/directory-service\/","og_site_name":"MasClientes","article_modified_time":"2020-06-11T05:55:42+00:00","twitter_card":"summary_large_image","twitter_misc":{"Tiempo de lectura":"3 minutos"},"schema":{"@context":"https:\/\/schema.org","@graph":[{"@type":"WebPage","@id":"https:\/\/masclientes.com\/es\/directory-service\/","url":"https:\/\/masclientes.com\/es\/directory-service\/","name":"Servicio de Directorio - MasClientes","isPartOf":{"@id":"https:\/\/masclientes.com\/#website"},"datePublished":"2019-10-10T23:15:30+00:00","dateModified":"2020-06-11T05:55:42+00:00","description":"JTNDZGl2JTIwY2xhc3MlM0QlMjJ1Yl9zdGF0dXNfY2hlY2tfd2lkZ2V0JTIyJTIwZGF0YS1zaG93dGFibGUlM0QlMjJ0cnVlJTIyJTIwZGF0YS1zaG93Z3JhcGglM0QlMjJ0cnVlJTIyJTIwZGF0YS1zaG93","breadcrumb":{"@id":"https:\/\/masclientes.com\/es\/directory-service\/#breadcrumb"},"inLanguage":"es","potentialAction":[{"@type":"ReadAction","target":["https:\/\/masclientes.com\/es\/directory-service\/"]}]},{"@type":"BreadcrumbList","@id":"https:\/\/masclientes.com\/es\/directory-service\/#breadcrumb","itemListElement":[{"@type":"ListItem","position":1,"name":"Home","item":"https:\/\/masclientes.com\/es\/"},{"@type":"ListItem","position":2,"name":"Servicio de Directorio"}]},{"@type":"WebSite","@id":"https:\/\/masclientes.com\/#website","url":"https:\/\/masclientes.com\/","name":"MasClientes","description":"Expande tu negocio online","potentialAction":[{"@type":"SearchAction","target":{"@type":"EntryPoint","urlTemplate":"https:\/\/masclientes.com\/?s={search_term_string}"},"query-input":{"@type":"PropertyValueSpecification","valueRequired":true,"valueName":"search_term_string"}}],"inLanguage":"es"}]}},"_links":{"self":[{"href":"https:\/\/masclientes.com\/es\/wp-json\/wp\/v2\/pages\/1756","targetHints":{"allow":["GET"]}}],"collection":[{"href":"https:\/\/masclientes.com\/es\/wp-json\/wp\/v2\/pages"}],"about":[{"href":"https:\/\/masclientes.com\/es\/wp-json\/wp\/v2\/types\/page"}],"author":[{"embeddable":true,"href":"https:\/\/masclientes.com\/es\/wp-json\/wp\/v2\/users\/3"}],"replies":[{"embeddable":true,"href":"https:\/\/masclientes.com\/es\/wp-json\/wp\/v2\/comments?post=1756"}],"version-history":[{"count":0,"href":"https:\/\/masclientes.com\/es\/wp-json\/wp\/v2\/pages\/1756\/revisions"}],"wp:attachment":[{"href":"https:\/\/masclientes.com\/es\/wp-json\/wp\/v2\/media?parent=1756"}],"curies":[{"name":"wp","href":"https:\/\/api.w.org\/{rel}","templated":true}]}}